{"id":195,"date":"2024-11-02T20:18:46","date_gmt":"2024-11-02T19:18:46","guid":{"rendered":"http:\/\/friendlycampandlodges.com\/?page_id=195"},"modified":"2026-03-23T08:32:42","modified_gmt":"2026-03-23T07:32:42","slug":"infos-pratiques","status":"publish","type":"page","link":"https:\/\/friendlycampandlodges.com\/index.php\/infos-pratiques\/","title":{"rendered":"infos pratiques"},"content":{"rendered":"\t\t<div data-elementor-type=\"wp-page\" data-elementor-id=\"195\" class=\"elementor elementor-195\">\n\t\t\t\t<div class=\"elementor-element elementor-element-6025c5e e-flex e-con-boxed e-con e-parent\" data-id=\"6025c5e\" data-element_type=\"container\">\n\t\t\t\t\t<div class=\"e-con-inner\">\n\t\t\t\t<div class=\"elementor-element elementor-element-5284fd7 elementor-widget elementor-widget-spacer\" data-id=\"5284fd7\" data-element_type=\"widget\" data-widget_type=\"spacer.default\">\n\t\t\t\t<div class=\"elementor-widget-container\">\n\t\t\t\t\t\t\t<div class=\"elementor-spacer\">\n\t\t\t<div class=\"elementor-spacer-inner\"><\/div>\n\t\t<\/div>\n\t\t\t\t\t\t<\/div>\n\t\t\t\t<\/div>\n\t\t\t\t\t<\/div>\n\t\t\t\t<\/div>\n\t\t<div class=\"elementor-element elementor-element-4944e9b e-con-full e-flex e-con e-parent\" data-id=\"4944e9b\" data-element_type=\"container\">\n\t\t<div class=\"elementor-element elementor-element-704fb976 e-con-full e-flex e-con e-child\" data-id=\"704fb976\" data-element_type=\"container\">\n\t\t\t\t<div class=\"elementor-element elementor-element-5433cde elementor-widget elementor-widget-heading\" data-id=\"5433cde\" data-element_type=\"widget\" data-widget_type=\"heading.default\">\n\t\t\t\t<div class=\"elementor-widget-container\">\n\t\t\t\t\t<h1 class=\"elementor-heading-title elementor-size-default\">Nous contacter<\/h1>\t\t\t\t<\/div>\n\t\t\t\t<\/div>\n\t\t\t\t<div class=\"elementor-element elementor-element-3ec9e849 elementor-align-left elementor-icon-list--layout-traditional elementor-list-item-link-full_width elementor-widget elementor-widget-icon-list\" data-id=\"3ec9e849\" data-element_type=\"widget\" data-widget_type=\"icon-list.default\">\n\t\t\t\t<div class=\"elementor-widget-container\">\n\t\t\t\t\t\t\t<ul class=\"elementor-icon-list-items\">\n\t\t\t\t\t\t\t<li class=\"elementor-icon-list-item\">\n\t\t\t\t\t\t\t\t\t\t<span class=\"elementor-icon-list-text\"><b>Adresse:<\/b> 169 route de la Haute Dronne,     24470 Saint Pardoux la Rivi\u00e8re<\/span>\n\t\t\t\t\t\t\t\t\t<\/li>\n\t\t\t\t\t\t\t\t<li class=\"elementor-icon-list-item\">\n\t\t\t\t\t\t\t\t\t\t<span class=\"elementor-icon-list-text\"><b>Num\u00e9ro de t\u00e9l\u00e9phone:<\/b> <br>+33 6 25 95 22 26<\/span>\n\t\t\t\t\t\t\t\t\t<\/li>\n\t\t\t\t\t\t\t\t<li class=\"elementor-icon-list-item\">\n\t\t\t\t\t\t\t\t\t\t<span class=\"elementor-icon-list-text\"><b>Email:<\/b> friendlycamp@outlook.fr<\/span>\n\t\t\t\t\t\t\t\t\t<\/li>\n\t\t\t\t\t\t<\/ul>\n\t\t\t\t\t\t<\/div>\n\t\t\t\t<\/div>\n\t\t\t\t<\/div>\n\t\t<div class=\"elementor-element elementor-element-3c66a40a e-con-full e-flex e-con e-child\" data-id=\"3c66a40a\" data-element_type=\"container\">\n\t\t\t\t<div class=\"elementor-element elementor-element-56509977 elementor-widget elementor-widget-image\" data-id=\"56509977\" data-element_type=\"widget\" data-widget_type=\"image.default\">\n\t\t\t\t<div class=\"elementor-widget-container\">\n\t\t\t\t\t\t\t\t\t\t\t\t\t\t\t<img fetchpriority=\"high\" decoding=\"async\" width=\"800\" height=\"800\" src=\"https:\/\/i0.wp.com\/friendlycampandlodges.com\/wp-content\/uploads\/2024\/11\/logocontact.png?fit=800%2C800&amp;ssl=1\" class=\"attachment-large size-large wp-image-411\" alt=\"\" srcset=\"https:\/\/i0.wp.com\/friendlycampandlodges.com\/wp-content\/uploads\/2024\/11\/logocontact.png?w=2084&amp;ssl=1 2084w, https:\/\/i0.wp.com\/friendlycampandlodges.com\/wp-content\/uploads\/2024\/11\/logocontact.png?resize=300%2C300&amp;ssl=1 300w, https:\/\/i0.wp.com\/friendlycampandlodges.com\/wp-content\/uploads\/2024\/11\/logocontact.png?resize=1024%2C1024&amp;ssl=1 1024w, https:\/\/i0.wp.com\/friendlycampandlodges.com\/wp-content\/uploads\/2024\/11\/logocontact.png?resize=150%2C150&amp;ssl=1 150w, https:\/\/i0.wp.com\/friendlycampandlodges.com\/wp-content\/uploads\/2024\/11\/logocontact.png?resize=768%2C768&amp;ssl=1 768w, https:\/\/i0.wp.com\/friendlycampandlodges.com\/wp-content\/uploads\/2024\/11\/logocontact.png?resize=1536%2C1536&amp;ssl=1 1536w, https:\/\/i0.wp.com\/friendlycampandlodges.com\/wp-content\/uploads\/2024\/11\/logocontact.png?resize=2048%2C2048&amp;ssl=1 2048w, https:\/\/i0.wp.com\/friendlycampandlodges.com\/wp-content\/uploads\/2024\/11\/logocontact.png?w=1600&amp;ssl=1 1600w\" sizes=\"(max-width: 800px) 100vw, 800px\" \/>\t\t\t\t\t\t\t\t\t\t\t\t\t\t\t<\/div>\n\t\t\t\t<\/div>\n\t\t\t\t<\/div>\n\t\t\t\t<\/div>\n\t\t<div class=\"elementor-element elementor-element-92599af e-flex e-con-boxed e-con e-parent\" data-id=\"92599af\" data-element_type=\"container\">\n\t\t\t\t\t<div class=\"e-con-inner\">\n\t\t\t\t<div class=\"elementor-element elementor-element-2e82365 elementor-widget elementor-widget-spacer\" data-id=\"2e82365\" data-element_type=\"widget\" data-widget_type=\"spacer.default\">\n\t\t\t\t<div class=\"elementor-widget-container\">\n\t\t\t\t\t\t\t<div class=\"elementor-spacer\">\n\t\t\t<div class=\"elementor-spacer-inner\"><\/div>\n\t\t<\/div>\n\t\t\t\t\t\t<\/div>\n\t\t\t\t<\/div>\n\t\t\t\t\t<\/div>\n\t\t\t\t<\/div>\n\t\t<div class=\"elementor-element elementor-element-eb27a38 e-flex e-con-boxed e-con e-parent\" data-id=\"eb27a38\" data-element_type=\"container\">\n\t\t\t\t\t<div class=\"e-con-inner\">\n\t\t<div class=\"elementor-element elementor-element-1565d4b e-con-full e-flex e-con e-child\" data-id=\"1565d4b\" data-element_type=\"container\">\n\t\t\t\t<div class=\"elementor-element elementor-element-b432d26 elementor-widget__width-initial elementor-widget elementor-widget-image\" data-id=\"b432d26\" data-element_type=\"widget\" data-widget_type=\"image.default\">\n\t\t\t\t<div class=\"elementor-widget-container\">\n\t\t\t\t\t\t\t\t\t\t\t\t\t\t\t\t<a href=\"https:\/\/www.facebook.com\/profile.php?id=61561180645419\">\n\t\t\t\t\t\t\t<img decoding=\"async\" width=\"150\" height=\"150\" src=\"https:\/\/i0.wp.com\/friendlycampandlodges.com\/wp-content\/uploads\/2024\/11\/facebook-icon-png-731.png?resize=150%2C150&amp;ssl=1\" class=\"attachment-thumbnail size-thumbnail wp-image-256\" alt=\"\" srcset=\"https:\/\/i0.wp.com\/friendlycampandlodges.com\/wp-content\/uploads\/2024\/11\/facebook-icon-png-731.png?w=512&amp;ssl=1 512w, https:\/\/i0.wp.com\/friendlycampandlodges.com\/wp-content\/uploads\/2024\/11\/facebook-icon-png-731.png?resize=300%2C300&amp;ssl=1 300w, https:\/\/i0.wp.com\/friendlycampandlodges.com\/wp-content\/uploads\/2024\/11\/facebook-icon-png-731.png?resize=150%2C150&amp;ssl=1 150w\" sizes=\"(max-width: 150px) 100vw, 150px\" \/>\t\t\t\t\t\t\t\t<\/a>\n\t\t\t\t\t\t\t\t\t\t\t\t\t\t\t<\/div>\n\t\t\t\t<\/div>\n\t\t\t\t<\/div>\n\t\t<div class=\"elementor-element elementor-element-289d0df e-con-full e-flex e-con e-child\" data-id=\"289d0df\" data-element_type=\"container\">\n\t\t\t\t<div class=\"elementor-element elementor-element-c6867d8 elementor-widget__width-initial elementor-widget elementor-widget-image\" data-id=\"c6867d8\" data-element_type=\"widget\" data-widget_type=\"image.default\">\n\t\t\t\t<div class=\"elementor-widget-container\">\n\t\t\t\t\t\t\t\t\t\t\t\t\t\t\t\t<a href=\"https:\/\/www.instagram.com\/friendlycamp24?igsh=MXdoZ2JkdnUyeHNzcw==\">\n\t\t\t\t\t\t\t<img decoding=\"async\" width=\"150\" height=\"150\" src=\"https:\/\/i0.wp.com\/friendlycampandlodges.com\/wp-content\/uploads\/2024\/11\/Instagram-Logo.png?resize=150%2C150&amp;ssl=1\" class=\"attachment-thumbnail size-thumbnail wp-image-258\" alt=\"\" srcset=\"https:\/\/i0.wp.com\/friendlycampandlodges.com\/wp-content\/uploads\/2024\/11\/Instagram-Logo.png?w=1101&amp;ssl=1 1101w, https:\/\/i0.wp.com\/friendlycampandlodges.com\/wp-content\/uploads\/2024\/11\/Instagram-Logo.png?resize=300%2C300&amp;ssl=1 300w, https:\/\/i0.wp.com\/friendlycampandlodges.com\/wp-content\/uploads\/2024\/11\/Instagram-Logo.png?resize=1024%2C1024&amp;ssl=1 1024w, https:\/\/i0.wp.com\/friendlycampandlodges.com\/wp-content\/uploads\/2024\/11\/Instagram-Logo.png?resize=150%2C150&amp;ssl=1 150w, https:\/\/i0.wp.com\/friendlycampandlodges.com\/wp-content\/uploads\/2024\/11\/Instagram-Logo.png?resize=768%2C768&amp;ssl=1 768w\" sizes=\"(max-width: 150px) 100vw, 150px\" \/>\t\t\t\t\t\t\t\t<\/a>\n\t\t\t\t\t\t\t\t\t\t\t\t\t\t\t<\/div>\n\t\t\t\t<\/div>\n\t\t\t\t<\/div>\n\t\t\t\t\t<\/div>\n\t\t\t\t<\/div>\n\t\t<div class=\"elementor-element elementor-element-17f2719 e-flex e-con-boxed e-con e-parent\" data-id=\"17f2719\" data-element_type=\"container\">\n\t\t\t\t\t<div class=\"e-con-inner\">\n\t\t\t\t<div class=\"elementor-element elementor-element-e650e8d elementor-widget elementor-widget-spacer\" data-id=\"e650e8d\" data-element_type=\"widget\" data-widget_type=\"spacer.default\">\n\t\t\t\t<div class=\"elementor-widget-container\">\n\t\t\t\t\t\t\t<div class=\"elementor-spacer\">\n\t\t\t<div class=\"elementor-spacer-inner\"><\/div>\n\t\t<\/div>\n\t\t\t\t\t\t<\/div>\n\t\t\t\t<\/div>\n\t\t\t\t\t<\/div>\n\t\t\t\t<\/div>\n\t\t<div class=\"elementor-element elementor-element-d819cd9 e-flex e-con-boxed e-con e-parent\" data-id=\"d819cd9\" data-element_type=\"container\" data-settings=\"{&quot;background_background&quot;:&quot;classic&quot;}\">\n\t\t\t\t\t<div class=\"e-con-inner\">\n\t\t<div class=\"elementor-element elementor-element-5fd6483 e-con-full e-flex e-con e-child\" data-id=\"5fd6483\" data-element_type=\"container\">\n\t\t\t\t<div class=\"elementor-element elementor-element-b59d88b elementor-widget elementor-widget-spacer\" data-id=\"b59d88b\" data-element_type=\"widget\" data-widget_type=\"spacer.default\">\n\t\t\t\t<div class=\"elementor-widget-container\">\n\t\t\t\t\t\t\t<div class=\"elementor-spacer\">\n\t\t\t<div class=\"elementor-spacer-inner\"><\/div>\n\t\t<\/div>\n\t\t\t\t\t\t<\/div>\n\t\t\t\t<\/div>\n\t\t\t\t<\/div>\n\t\t<div class=\"elementor-element elementor-element-7d589ff e-con-full e-flex e-con e-child\" data-id=\"7d589ff\" data-element_type=\"container\">\n\t\t<div class=\"elementor-element elementor-element-6d36f69 e-con-full e-flex e-con e-child\" data-id=\"6d36f69\" data-element_type=\"container\">\n\t\t\t\t<div class=\"elementor-element elementor-element-218ac12 elementor-widget elementor-widget-spacer\" data-id=\"218ac12\" data-element_type=\"widget\" data-widget_type=\"spacer.default\">\n\t\t\t\t<div class=\"elementor-widget-container\">\n\t\t\t\t\t\t\t<div class=\"elementor-spacer\">\n\t\t\t<div class=\"elementor-spacer-inner\"><\/div>\n\t\t<\/div>\n\t\t\t\t\t\t<\/div>\n\t\t\t\t<\/div>\n\t\t\t\t<div class=\"elementor-element elementor-element-ca84c1b elementor-widget elementor-widget-heading\" data-id=\"ca84c1b\" data-element_type=\"widget\" data-widget_type=\"heading.default\">\n\t\t\t\t<div class=\"elementor-widget-container\">\n\t\t\t\t\t<h2 class=\"elementor-heading-title elementor-size-default\">P\u00e9riode d'ouverture pour l'ann\u00e9e 2026<\/h2>\t\t\t\t<\/div>\n\t\t\t\t<\/div>\n\t\t\t\t<\/div>\n\t\t<div class=\"elementor-element elementor-element-cfb787b e-con-full e-flex e-con e-child\" data-id=\"cfb787b\" data-element_type=\"container\">\n\t\t\t\t<div class=\"elementor-element elementor-element-c45cd5a elementor-widget elementor-widget-text-editor\" data-id=\"c45cd5a\" data-element_type=\"widget\" data-widget_type=\"text-editor.default\">\n\t\t\t\t<div class=\"elementor-widget-container\">\n\t\t\t\t\t\t\t\t\t<p>Votre camping vous accueille tous les jours :<\/p><p><strong>Du 25\/04 au 31\/10<\/strong><\/p>\t\t\t\t\t\t\t\t<\/div>\n\t\t\t\t<\/div>\n\t\t\t\t<\/div>\n\t\t\t\t<\/div>\n\t\t\t\t\t<\/div>\n\t\t\t\t<\/div>\n\t\t<div class=\"elementor-element elementor-element-aa93a07 e-flex e-con-boxed e-con e-parent\" data-id=\"aa93a07\" data-element_type=\"container\" data-settings=\"{&quot;background_background&quot;:&quot;classic&quot;}\">\n\t\t\t\t\t<div class=\"e-con-inner\">\n\t\t\t\t<div class=\"elementor-element elementor-element-e19705b elementor-widget elementor-widget-spacer\" data-id=\"e19705b\" data-element_type=\"widget\" data-widget_type=\"spacer.default\">\n\t\t\t\t<div class=\"elementor-widget-container\">\n\t\t\t\t\t\t\t<div class=\"elementor-spacer\">\n\t\t\t<div class=\"elementor-spacer-inner\"><\/div>\n\t\t<\/div>\n\t\t\t\t\t\t<\/div>\n\t\t\t\t<\/div>\n\t\t\t\t\t<\/div>\n\t\t\t\t<\/div>\n\t\t<div class=\"elementor-element elementor-element-4eba90b1 e-con-full e-flex e-con e-parent\" data-id=\"4eba90b1\" data-element_type=\"container\">\n\t\t<div class=\"elementor-element elementor-element-439fb751 e-con-full e-flex e-con e-child\" data-id=\"439fb751\" data-element_type=\"container\" data-settings=\"{&quot;background_background&quot;:&quot;classic&quot;}\">\n\t\t\t\t<div class=\"elementor-element elementor-element-1596446f elementor-widget elementor-widget-google_maps\" data-id=\"1596446f\" data-element_type=\"widget\" data-widget_type=\"google_maps.default\">\n\t\t\t\t<div class=\"elementor-widget-container\">\n\t\t\t\t\t\t\t<div class=\"elementor-custom-embed\">\n\t\t\t<iframe loading=\"lazy\"\n\t\t\t\t\tsrc=\"https:\/\/maps.google.com\/maps?q=169%20route%20de%20la%20haute%20dronne&#038;t=m&#038;z=17&#038;output=embed&#038;iwloc=near\"\n\t\t\t\t\ttitle=\"169 route de la haute dronne\"\n\t\t\t\t\taria-label=\"169 route de la haute dronne\"\n\t\t\t><\/iframe>\n\t\t<\/div>\n\t\t\t\t\t\t<\/div>\n\t\t\t\t<\/div>\n\t\t\t\t<\/div>\n\t\t<div class=\"elementor-element elementor-element-6ac1a89a e-con-full e-flex e-con e-child\" data-id=\"6ac1a89a\" data-element_type=\"container\">\n\t\t\t\t<div class=\"elementor-element elementor-element-12a61260 elementor-widget elementor-widget-heading\" data-id=\"12a61260\" data-element_type=\"widget\" data-widget_type=\"heading.default\">\n\t\t\t\t<div class=\"elementor-widget-container\">\n\t\t\t\t\t<h2 class=\"elementor-heading-title elementor-size-default\">Venir au camping<\/h2>\t\t\t\t<\/div>\n\t\t\t\t<\/div>\n\t\t\t\t<div class=\"elementor-element elementor-element-4d132039 elementor-widget elementor-widget-icon-box\" data-id=\"4d132039\" data-element_type=\"widget\" data-widget_type=\"icon-box.default\">\n\t\t\t\t<div class=\"elementor-widget-container\">\n\t\t\t\t\t\t\t<div class=\"elementor-icon-box-wrapper\">\n\n\t\t\t\n\t\t\t\t\t\t<div class=\"elementor-icon-box-content\">\n\n\t\t\t\t\t\t\t\t\t<h4 class=\"elementor-icon-box-title\">\n\t\t\t\t\t\t<span  >\n\t\t\t\t\t\t\tAdresse:\t\t\t\t\t\t<\/span>\n\t\t\t\t\t<\/h4>\n\t\t\t\t\n\t\t\t\t\t\t\t\t\t<p class=\"elementor-icon-box-description\">\n\t\t\t\t\t\t169 route de la Haute Dronne <br>24470 Saint Pardoux la Rivi\u00e8re<br><br>\t\t\t\t\t<\/p>\n\t\t\t\t\n\t\t\t<\/div>\n\t\t\t\n\t\t<\/div>\n\t\t\t\t\t\t<\/div>\n\t\t\t\t<\/div>\n\t\t\t\t<div class=\"elementor-element elementor-element-0903216 elementor-widget elementor-widget-text-editor\" data-id=\"0903216\" data-element_type=\"widget\" data-widget_type=\"text-editor.default\">\n\t\t\t\t<div class=\"elementor-widget-container\">\n\t\t\t\t\t\t\t\t\t<p><strong>En Voiture :<\/strong><\/p><ol><li>Depuis P\u00e9rigueux : prendre la D675 en direction de Nontron<\/li><li>Depuis Limoges : prendre la N141 direction Angoul\u00eame, puis \u00e0 la sortie 67 suivre la D675 en direction de P\u00e9rigueux<\/li><li>Depuis Angoul\u00eame : prendre la D939, ensuite la D4 puis la D675 en direction de Nontron et continuez sur la D707 pour rejoindre la D83E1\u00a0<\/li><\/ol><p><strong style=\"background-color: transparent;\">En Taxi :<\/strong><\/p><p>Nous recommandons \u00ab Transport Didier \u00bb VTC \u00e0 Nontron, avec possibilit\u00e9 de transporter les v\u00e9los<\/p><p>T\u00e9l\u00e9phone : 06.66.48.35.24<\/p><p><span style=\"background-color: transparent;\">Email : didierforcet13@gmail.com<\/span><\/p><p><strong>En Bus :<\/strong><\/p><ul><li>En suivant la ligne 20 de la Citram depuis Angoul\u00eame<\/li><\/ul>\t\t\t\t\t\t\t\t<\/div>\n\t\t\t\t<\/div>\n\t\t\t\t<\/div>\n\t\t\t\t<\/div>\n\t\t\t\t<\/div>\n\t\t","protected":false},"excerpt":{"rendered":"<p>Nous contacter Adresse: 169 route de la Haute Dronne, 24470 Saint Pardoux la Rivi\u00e8re Num\u00e9ro de t\u00e9l\u00e9phone: +33 6 25 95 22 26 Email: friendlycamp@outlook.fr P\u00e9riode d&rsquo;ouverture pour l&rsquo;ann\u00e9e 2026 Votre camping vous accueille tous les jours : Du 25\/04 au 31\/10 Venir au camping Adresse: 169 route de la Haute Dronne 24470 Saint Pardoux [&hellip;]<\/p>\n","protected":false},"author":1,"featured_media":0,"parent":0,"menu_order":0,"comment_status":"closed","ping_status":"closed","template":"","meta":{"footnotes":""},"class_list":["post-195","page","type-page","status-publish","hentry"],"yoast_head":"<!-- This site is optimized with the Yoast SEO plugin v23.7 - https:\/\/yoast.com\/wordpress\/plugins\/seo\/ -->\n<title>infos pratiques - Friendly Camping &amp; lodges<\/title>\n<meta name=\"robots\" content=\"index, follow, max-snippet:-1, max-image-preview:large, max-video-preview:-1\" \/>\n<link rel=\"canonical\" href=\"https:\/\/friendlycampandlodges.com\/index.php\/infos-pratiques\/\" \/>\n<meta property=\"og:locale\" content=\"fr_FR\" \/>\n<meta property=\"og:type\" content=\"article\" \/>\n<meta property=\"og:title\" content=\"infos pratiques - Friendly Camping &amp; lodges\" \/>\n<meta property=\"og:description\" content=\"Nous contacter Adresse: 169 route de la Haute Dronne, 24470 Saint Pardoux la Rivi\u00e8re Num\u00e9ro de t\u00e9l\u00e9phone: +33 6 25 95 22 26 Email: friendlycamp@outlook.fr P\u00e9riode d&rsquo;ouverture pour l&rsquo;ann\u00e9e 2026 Votre camping vous accueille tous les jours : Du 25\/04 au 31\/10 Venir au camping Adresse: 169 route de la Haute Dronne 24470 Saint Pardoux [&hellip;]\" \/>\n<meta property=\"og:url\" content=\"https:\/\/friendlycampandlodges.com\/index.php\/infos-pratiques\/\" \/>\n<meta property=\"og:site_name\" content=\"Friendly Camping &amp; lodges\" \/>\n<meta property=\"article:publisher\" content=\"https:\/\/www.facebook.com\/profile.php?id=61561180645419\" \/>\n<meta property=\"article:modified_time\" content=\"2026-03-23T07:32:42+00:00\" \/>\n<meta property=\"og:image\" content=\"https:\/\/friendlycampandlodges.com\/wp-content\/uploads\/2024\/11\/logocontact-1024x1024.png\" \/>\n<meta name=\"twitter:card\" content=\"summary_large_image\" \/>\n<meta name=\"twitter:label1\" content=\"Dur\u00e9e de lecture estim\u00e9e\" \/>\n\t<meta name=\"twitter:data1\" content=\"2 minutes\" \/>\n<script type=\"application\/ld+json\" class=\"yoast-schema-graph\">{\"@context\":\"https:\/\/schema.org\",\"@graph\":[{\"@type\":\"WebPage\",\"@id\":\"https:\/\/friendlycampandlodges.com\/index.php\/infos-pratiques\/\",\"url\":\"https:\/\/friendlycampandlodges.com\/index.php\/infos-pratiques\/\",\"name\":\"infos pratiques - Friendly Camping &amp; lodges\",\"isPartOf\":{\"@id\":\"https:\/\/friendlycampandlodges.com\/#website\"},\"primaryImageOfPage\":{\"@id\":\"https:\/\/friendlycampandlodges.com\/index.php\/infos-pratiques\/#primaryimage\"},\"image\":{\"@id\":\"https:\/\/friendlycampandlodges.com\/index.php\/infos-pratiques\/#primaryimage\"},\"thumbnailUrl\":\"https:\/\/friendlycampandlodges.com\/wp-content\/uploads\/2024\/11\/logocontact-1024x1024.png\",\"datePublished\":\"2024-11-02T19:18:46+00:00\",\"dateModified\":\"2026-03-23T07:32:42+00:00\",\"breadcrumb\":{\"@id\":\"https:\/\/friendlycampandlodges.com\/index.php\/infos-pratiques\/#breadcrumb\"},\"inLanguage\":\"fr-FR\",\"potentialAction\":[{\"@type\":\"ReadAction\",\"target\":[\"https:\/\/friendlycampandlodges.com\/index.php\/infos-pratiques\/\"]}]},{\"@type\":\"ImageObject\",\"inLanguage\":\"fr-FR\",\"@id\":\"https:\/\/friendlycampandlodges.com\/index.php\/infos-pratiques\/#primaryimage\",\"url\":\"https:\/\/i0.wp.com\/friendlycampandlodges.com\/wp-content\/uploads\/2024\/11\/logocontact.png?fit=2084%2C2084&ssl=1\",\"contentUrl\":\"https:\/\/i0.wp.com\/friendlycampandlodges.com\/wp-content\/uploads\/2024\/11\/logocontact.png?fit=2084%2C2084&ssl=1\",\"width\":2084,\"height\":2084},{\"@type\":\"BreadcrumbList\",\"@id\":\"https:\/\/friendlycampandlodges.com\/index.php\/infos-pratiques\/#breadcrumb\",\"itemListElement\":[{\"@type\":\"ListItem\",\"position\":1,\"name\":\"Accueil\",\"item\":\"https:\/\/friendlycampandlodges.com\/\"},{\"@type\":\"ListItem\",\"position\":2,\"name\":\"infos pratiques\"}]},{\"@type\":\"WebSite\",\"@id\":\"https:\/\/friendlycampandlodges.com\/#website\",\"url\":\"https:\/\/friendlycampandlodges.com\/\",\"name\":\"Friendly Camp & lodges\",\"description\":\"\",\"publisher\":{\"@id\":\"https:\/\/friendlycampandlodges.com\/#organization\"},\"potentialAction\":[{\"@type\":\"SearchAction\",\"target\":{\"@type\":\"EntryPoint\",\"urlTemplate\":\"https:\/\/friendlycampandlodges.com\/?s={search_term_string}\"},\"query-input\":{\"@type\":\"PropertyValueSpecification\",\"valueRequired\":true,\"valueName\":\"search_term_string\"}}],\"inLanguage\":\"fr-FR\"},{\"@type\":\"Organization\",\"@id\":\"https:\/\/friendlycampandlodges.com\/#organization\",\"name\":\"Friendly Camp & lodges\",\"url\":\"https:\/\/friendlycampandlodges.com\/\",\"logo\":{\"@type\":\"ImageObject\",\"inLanguage\":\"fr-FR\",\"@id\":\"https:\/\/friendlycampandlodges.com\/#\/schema\/logo\/image\/\",\"url\":\"https:\/\/i0.wp.com\/friendlycampandlodges.com\/wp-content\/uploads\/2025\/03\/cropped-LOGOFRIENDLYCAMPING.pdf-Montage-photo.png?fit=1999%2C1598&ssl=1\",\"contentUrl\":\"https:\/\/i0.wp.com\/friendlycampandlodges.com\/wp-content\/uploads\/2025\/03\/cropped-LOGOFRIENDLYCAMPING.pdf-Montage-photo.png?fit=1999%2C1598&ssl=1\",\"width\":1999,\"height\":1598,\"caption\":\"Friendly Camp & lodges\"},\"image\":{\"@id\":\"https:\/\/friendlycampandlodges.com\/#\/schema\/logo\/image\/\"},\"sameAs\":[\"https:\/\/www.facebook.com\/profile.php?id=61561180645419\"]}]}<\/script>\n<!-- \/ Yoast SEO plugin. -->","yoast_head_json":{"title":"infos pratiques - Friendly Camping &amp; lodges","robots":{"index":"index","follow":"follow","max-snippet":"max-snippet:-1","max-image-preview":"max-image-preview:large","max-video-preview":"max-video-preview:-1"},"canonical":"https:\/\/friendlycampandlodges.com\/index.php\/infos-pratiques\/","og_locale":"fr_FR","og_type":"article","og_title":"infos pratiques - Friendly Camping &amp; lodges","og_description":"Nous contacter Adresse: 169 route de la Haute Dronne, 24470 Saint Pardoux la Rivi\u00e8re Num\u00e9ro de t\u00e9l\u00e9phone: +33 6 25 95 22 26 Email: friendlycamp@outlook.fr P\u00e9riode d&rsquo;ouverture pour l&rsquo;ann\u00e9e 2026 Votre camping vous accueille tous les jours : Du 25\/04 au 31\/10 Venir au camping Adresse: 169 route de la Haute Dronne 24470 Saint Pardoux [&hellip;]","og_url":"https:\/\/friendlycampandlodges.com\/index.php\/infos-pratiques\/","og_site_name":"Friendly Camping &amp; lodges","article_publisher":"https:\/\/www.facebook.com\/profile.php?id=61561180645419","article_modified_time":"2026-03-23T07:32:42+00:00","og_image":[{"url":"https:\/\/friendlycampandlodges.com\/wp-content\/uploads\/2024\/11\/logocontact-1024x1024.png"}],"twitter_card":"summary_large_image","twitter_misc":{"Dur\u00e9e de lecture estim\u00e9e":"2 minutes"},"schema":{"@context":"https:\/\/schema.org","@graph":[{"@type":"WebPage","@id":"https:\/\/friendlycampandlodges.com\/index.php\/infos-pratiques\/","url":"https:\/\/friendlycampandlodges.com\/index.php\/infos-pratiques\/","name":"infos pratiques - Friendly Camping &amp; lodges","isPartOf":{"@id":"https:\/\/friendlycampandlodges.com\/#website"},"primaryImageOfPage":{"@id":"https:\/\/friendlycampandlodges.com\/index.php\/infos-pratiques\/#primaryimage"},"image":{"@id":"https:\/\/friendlycampandlodges.com\/index.php\/infos-pratiques\/#primaryimage"},"thumbnailUrl":"https:\/\/friendlycampandlodges.com\/wp-content\/uploads\/2024\/11\/logocontact-1024x1024.png","datePublished":"2024-11-02T19:18:46+00:00","dateModified":"2026-03-23T07:32:42+00:00","breadcrumb":{"@id":"https:\/\/friendlycampandlodges.com\/index.php\/infos-pratiques\/#breadcrumb"},"inLanguage":"fr-FR","potentialAction":[{"@type":"ReadAction","target":["https:\/\/friendlycampandlodges.com\/index.php\/infos-pratiques\/"]}]},{"@type":"ImageObject","inLanguage":"fr-FR","@id":"https:\/\/friendlycampandlodges.com\/index.php\/infos-pratiques\/#primaryimage","url":"https:\/\/i0.wp.com\/friendlycampandlodges.com\/wp-content\/uploads\/2024\/11\/logocontact.png?fit=2084%2C2084&ssl=1","contentUrl":"https:\/\/i0.wp.com\/friendlycampandlodges.com\/wp-content\/uploads\/2024\/11\/logocontact.png?fit=2084%2C2084&ssl=1","width":2084,"height":2084},{"@type":"BreadcrumbList","@id":"https:\/\/friendlycampandlodges.com\/index.php\/infos-pratiques\/#breadcrumb","itemListElement":[{"@type":"ListItem","position":1,"name":"Accueil","item":"https:\/\/friendlycampandlodges.com\/"},{"@type":"ListItem","position":2,"name":"infos pratiques"}]},{"@type":"WebSite","@id":"https:\/\/friendlycampandlodges.com\/#website","url":"https:\/\/friendlycampandlodges.com\/","name":"Friendly Camp & lodges","description":"","publisher":{"@id":"https:\/\/friendlycampandlodges.com\/#organization"},"potentialAction":[{"@type":"SearchAction","target":{"@type":"EntryPoint","urlTemplate":"https:\/\/friendlycampandlodges.com\/?s={search_term_string}"},"query-input":{"@type":"PropertyValueSpecification","valueRequired":true,"valueName":"search_term_string"}}],"inLanguage":"fr-FR"},{"@type":"Organization","@id":"https:\/\/friendlycampandlodges.com\/#organization","name":"Friendly Camp & lodges","url":"https:\/\/friendlycampandlodges.com\/","logo":{"@type":"ImageObject","inLanguage":"fr-FR","@id":"https:\/\/friendlycampandlodges.com\/#\/schema\/logo\/image\/","url":"https:\/\/i0.wp.com\/friendlycampandlodges.com\/wp-content\/uploads\/2025\/03\/cropped-LOGOFRIENDLYCAMPING.pdf-Montage-photo.png?fit=1999%2C1598&ssl=1","contentUrl":"https:\/\/i0.wp.com\/friendlycampandlodges.com\/wp-content\/uploads\/2025\/03\/cropped-LOGOFRIENDLYCAMPING.pdf-Montage-photo.png?fit=1999%2C1598&ssl=1","width":1999,"height":1598,"caption":"Friendly Camp & lodges"},"image":{"@id":"https:\/\/friendlycampandlodges.com\/#\/schema\/logo\/image\/"},"sameAs":["https:\/\/www.facebook.com\/profile.php?id=61561180645419"]}]}},"jetpack_sharing_enabled":true,"_links":{"self":[{"href":"https:\/\/friendlycampandlodges.com\/index.php\/wp-json\/wp\/v2\/pages\/195","targetHints":{"allow":["GET"]}}],"collection":[{"href":"https:\/\/friendlycampandlodges.com\/index.php\/wp-json\/wp\/v2\/pages"}],"about":[{"href":"https:\/\/friendlycampandlodges.com\/index.php\/wp-json\/wp\/v2\/types\/page"}],"author":[{"embeddable":true,"href":"https:\/\/friendlycampandlodges.com\/index.php\/wp-json\/wp\/v2\/users\/1"}],"replies":[{"embeddable":true,"href":"https:\/\/friendlycampandlodges.com\/index.php\/wp-json\/wp\/v2\/comments?post=195"}],"version-history":[{"count":60,"href":"https:\/\/friendlycampandlodges.com\/index.php\/wp-json\/wp\/v2\/pages\/195\/revisions"}],"predecessor-version":[{"id":1232,"href":"https:\/\/friendlycampandlodges.com\/index.php\/wp-json\/wp\/v2\/pages\/195\/revisions\/1232"}],"wp:attachment":[{"href":"https:\/\/friendlycampandlodges.com\/index.php\/wp-json\/wp\/v2\/media?parent=195"}],"curies":[{"name":"wp","href":"https:\/\/api.w.org\/{rel}","templated":true}]}}